{"id":895,"date":"2024-05-03T15:05:35","date_gmt":"2024-05-03T15:05:35","guid":{"rendered":"https:\/\/nyaa-consulting.com\/la-conexion-nyaa\/"},"modified":"2024-08-05T23:18:24","modified_gmt":"2024-08-05T23:18:24","slug":"la-conexion-nyaa","status":"publish","type":"page","link":"https:\/\/nyaa-consulting.com\/es\/la-conexion-nyaa\/","title":{"rendered":"La conexi\u00f3n NYAA"},"content":{"rendered":"<div class=\"et_pb_section et_pb_section_0  et_pb_css_mix_blend_mode et_section_regular\" >\n\t\t\t\t\n\t\t\t\t\n\t\t\t\t\n\t\t\t\t\n\t\t\t\t\n\t\t\t\t\n\t\t\t\t<div class=\"et_pb_row et_pb_row_0  et_pb_css_mix_blend_mode\">\n\t\t\t\t<div class=\"et_pb_column et_pb_column_4_4 et_pb_column_0  et_pb_css_mix_blend_mode et-last-child\">\n\t\t\t\t\n\t\t\t\t\n\t\t\t\t\n\t\t\t\t\n\t\t\t\t<div class=\"et_pb_module et_pb_post_title et_pb_post_title_0 et_pb_bg_layout_light  et_pb_text_align_center\"   >\n\t\t\t\t\n\t\t\t\t\n\t\t\t\t\n\t\t\t\t\n\t\t\t\t\n\t\t\t\t<div class=\"et_pb_title_container\">\n\t\t\t\t\t<h1 class=\"entry-title\"><\/h1>\n\t\t\t\t<\/div>\n\t\t\t\t\n\t\t\t<\/div><div class=\"et_pb_module et_pb_blog_0  et_pb_css_mix_blend_mode et_pb_blog_grid_wrapper et_pb_bg_layout_light\">\n\t\t\t\t\t<div class=\"et_pb_blog_grid clearfix \">\n\t\t\t\t\t\n\t\t\t\t\t\n\t\t\t\t\t\n\t\t\t\t\t\n\t\t\t\t\t<div class=\"et_pb_ajax_pagination_container\">\n\t\t\t\t\t\t<div class=\"et_pb_salvattore_content\" data-columns>\n\t\t\t<article id=\"post-5190\" class=\"et_pb_post clearfix et_pb_blog_item_0_0 post-5190 post type-post status-publish format-standard has-post-thumbnail hentry category-experiencia-del-cliente\">\n\n\t\t\t\t<div class=\"et_pb_image_container\"><a href=\"https:\/\/nyaa-consulting.com\/es\/blog\/vegan-menu-options-andes\/\" class=\"entry-featured-image-url\"><img decoding=\"async\" data-src=\"https:\/\/nyaa-consulting.com\/wp-content\/uploads\/2026\/02\/Women-of-Cuemal-400x250.jpg\" alt=\"Hospitalidad vegana en los Andes\" data-srcset=\"https:\/\/nyaa-consulting.com\/wp-content\/uploads\/2026\/02\/Women-of-Cuemal.jpg 479w, https:\/\/nyaa-consulting.com\/wp-content\/uploads\/2026\/02\/Women-of-Cuemal-400x250.jpg 480w\" data-sizes=\"(max-width:479px) 479px, 100vw\"  width=\"400\" height=\"250\" src=\"data:image\/svg+xml;base64,PHN2ZyB3aWR0aD0iMSIgaGVpZ2h0PSIxIiB4bWxucz0iaHR0cDovL3d3dy53My5vcmcvMjAwMC9zdmciPjwvc3ZnPg==\" class=\"lazyload\" style=\"--smush-placeholder-width: 400px; --smush-placeholder-aspect-ratio: 400\/250;\" \/><\/a><\/div>\n\t\t\t\t\t\t\t\t\t\t\t\t\t\t<h2 class=\"entry-title\">\n\t\t\t\t\t\t\t\t\t\t\t\t\t<a href=\"https:\/\/nyaa-consulting.com\/es\/blog\/vegan-menu-options-andes\/\">Hospitalidad vegana en los Andes<\/a>\n\t\t\t\t\t\t\t\t\t\t\t<\/h2>\n\t\t\t\t\n\t\t\t\t\t<p class=\"post-meta\"><span class=\"published\">Feb 25, 2026<\/span> | <a href=\"https:\/\/nyaa-consulting.com\/es\/blog\/category\/experiencia-del-cliente\/\" rel=\"tag\">Experiencia del cliente<\/a><\/p><div class=\"post-content\"><div class=\"post-content-inner\"><\/div><\/div>\t\t\t\n\t\t\t<\/article>\n\t\t\t\t\n\t\t\t<article id=\"post-5129\" class=\"et_pb_post clearfix et_pb_blog_item_0_1 post-5129 post type-post status-publish format-standard has-post-thumbnail hentry category-marketing-turistico\">\n\n\t\t\t\t<div class=\"et_pb_image_container\"><a href=\"https:\/\/nyaa-consulting.com\/es\/blog\/improve-tourism-website-seo\/\" class=\"entry-featured-image-url\"><img decoding=\"async\" data-src=\"https:\/\/nyaa-consulting.com\/wp-content\/uploads\/2026\/02\/Sword-billed-Hummingbird-Zuroloma-2-400x250.jpg\" alt=\"Mejora tu SEO sin tocar tu sitio web\" data-srcset=\"https:\/\/nyaa-consulting.com\/wp-content\/uploads\/2026\/02\/Sword-billed-Hummingbird-Zuroloma-2.jpg 479w, https:\/\/nyaa-consulting.com\/wp-content\/uploads\/2026\/02\/Sword-billed-Hummingbird-Zuroloma-2-400x250.jpg 480w\" data-sizes=\"(max-width:479px) 479px, 100vw\"  width=\"400\" height=\"250\" src=\"data:image\/svg+xml;base64,PHN2ZyB3aWR0aD0iMSIgaGVpZ2h0PSIxIiB4bWxucz0iaHR0cDovL3d3dy53My5vcmcvMjAwMC9zdmciPjwvc3ZnPg==\" class=\"lazyload\" style=\"--smush-placeholder-width: 400px; --smush-placeholder-aspect-ratio: 400\/250;\" \/><\/a><\/div>\n\t\t\t\t\t\t\t\t\t\t\t\t\t\t<h2 class=\"entry-title\">\n\t\t\t\t\t\t\t\t\t\t\t\t\t<a href=\"https:\/\/nyaa-consulting.com\/es\/blog\/improve-tourism-website-seo\/\">Mejora tu SEO sin tocar tu sitio web<\/a>\n\t\t\t\t\t\t\t\t\t\t\t<\/h2>\n\t\t\t\t\n\t\t\t\t\t<p class=\"post-meta\"><span class=\"published\">Feb 4, 2026<\/span> | <a href=\"https:\/\/nyaa-consulting.com\/es\/blog\/category\/marketing-turistico\/\" rel=\"tag\">Marketing tur\u00edstico<\/a><\/p><div class=\"post-content\"><div class=\"post-content-inner\"><\/div><\/div>\t\t\t\n\t\t\t<\/article>\n\t\t\t\t\n\t\t\t<article id=\"post-4939\" class=\"et_pb_post clearfix et_pb_blog_item_0_2 post-4939 post type-post status-publish format-standard has-post-thumbnail hentry category-marketing-turistico\">\n\n\t\t\t\t<div class=\"et_pb_image_container\"><a href=\"https:\/\/nyaa-consulting.com\/es\/blog\/tourism-business-newsletter\/\" class=\"entry-featured-image-url\"><img decoding=\"async\" data-src=\"https:\/\/nyaa-consulting.com\/wp-content\/uploads\/2026\/01\/00997-400x250.jpeg\" alt=\"Por qu\u00e9 todas las empresas tur\u00edsticas deber\u00edan tener un bolet\u00edn informativo (s\u00ed, incluso las peque\u00f1as)\" data-srcset=\"https:\/\/nyaa-consulting.com\/wp-content\/uploads\/2026\/01\/00997.jpeg 479w, https:\/\/nyaa-consulting.com\/wp-content\/uploads\/2026\/01\/00997-400x250.jpeg 480w\" data-sizes=\"(max-width:479px) 479px, 100vw\"  width=\"400\" height=\"250\" src=\"data:image\/svg+xml;base64,PHN2ZyB3aWR0aD0iMSIgaGVpZ2h0PSIxIiB4bWxucz0iaHR0cDovL3d3dy53My5vcmcvMjAwMC9zdmciPjwvc3ZnPg==\" class=\"lazyload\" style=\"--smush-placeholder-width: 400px; --smush-placeholder-aspect-ratio: 400\/250;\" \/><\/a><\/div>\n\t\t\t\t\t\t\t\t\t\t\t\t\t\t<h2 class=\"entry-title\">\n\t\t\t\t\t\t\t\t\t\t\t\t\t<a href=\"https:\/\/nyaa-consulting.com\/es\/blog\/tourism-business-newsletter\/\">Por qu\u00e9 todas las empresas tur\u00edsticas deber\u00edan tener un bolet\u00edn informativo (s\u00ed, incluso las peque\u00f1as)<\/a>\n\t\t\t\t\t\t\t\t\t\t\t<\/h2>\n\t\t\t\t\n\t\t\t\t\t<p class=\"post-meta\"><span class=\"published\">Ene 28, 2026<\/span> | <a href=\"https:\/\/nyaa-consulting.com\/es\/blog\/category\/marketing-turistico\/\" rel=\"tag\">Marketing tur\u00edstico<\/a><\/p><div class=\"post-content\"><div class=\"post-content-inner\"><\/div><\/div>\t\t\t\n\t\t\t<\/article>\n\t\t\t\t\n\t\t\t<article id=\"post-1299\" class=\"et_pb_post clearfix et_pb_blog_item_0_3 post-1299 post type-post status-publish format-standard has-post-thumbnail hentry category-marketing-turistico\">\n\n\t\t\t\t<div class=\"et_pb_image_container\"><a href=\"https:\/\/nyaa-consulting.com\/es\/blog\/3-consejos-crear-un-famtrip\/\" class=\"entry-featured-image-url\"><img decoding=\"async\" data-src=\"https:\/\/nyaa-consulting.com\/wp-content\/uploads\/2024\/08\/DSC_2254-400x250.webp\" alt=\"3 consejos para crear un \u00abfamtrip\u00bb de bajo coste\" data-srcset=\"https:\/\/nyaa-consulting.com\/wp-content\/uploads\/2024\/08\/DSC_2254.webp 479w, https:\/\/nyaa-consulting.com\/wp-content\/uploads\/2024\/08\/DSC_2254-400x250.webp 480w\" data-sizes=\"(max-width:479px) 479px, 100vw\"  width=\"400\" height=\"250\" src=\"data:image\/svg+xml;base64,PHN2ZyB3aWR0aD0iMSIgaGVpZ2h0PSIxIiB4bWxucz0iaHR0cDovL3d3dy53My5vcmcvMjAwMC9zdmciPjwvc3ZnPg==\" class=\"lazyload\" style=\"--smush-placeholder-width: 400px; --smush-placeholder-aspect-ratio: 400\/250;\" \/><\/a><\/div>\n\t\t\t\t\t\t\t\t\t\t\t\t\t\t<h2 class=\"entry-title\">\n\t\t\t\t\t\t\t\t\t\t\t\t\t<a href=\"https:\/\/nyaa-consulting.com\/es\/blog\/3-consejos-crear-un-famtrip\/\">3 consejos para crear un \u00abfamtrip\u00bb de bajo coste<\/a>\n\t\t\t\t\t\t\t\t\t\t\t<\/h2>\n\t\t\t\t\n\t\t\t\t\t<p class=\"post-meta\"><span class=\"published\">Ago 5, 2024<\/span> | <a href=\"https:\/\/nyaa-consulting.com\/es\/blog\/category\/marketing-turistico\/\" rel=\"tag\">Marketing tur\u00edstico<\/a><\/p><div class=\"post-content\"><div class=\"post-content-inner\"><p>C\u00f3mo ofrecer un \"famtrip\" de bajo coste sin sacrificar la calidad Hace poco, estuve trabajando con un cliente que ofrec\u00eda un viaje culinario dirigido a chefs y blogueros gastron\u00f3micos que quer\u00edan aprender m\u00e1s sobre la cocina con ingredientes \u00fanicos en el Per\u00fa rural....<\/p>\n<\/div><\/div>\t\t\t\n\t\t\t<\/article>\n\t\t\t\t\n\t\t\t<article id=\"post-911\" class=\"et_pb_post clearfix et_pb_blog_item_0_4 post-911 post type-post status-publish format-standard has-post-thumbnail hentry category-recaudacion-de-fondos\">\n\n\t\t\t\t<div class=\"et_pb_image_container\"><a href=\"https:\/\/nyaa-consulting.com\/es\/blog\/recaudar-fondos-conservacion\/\" class=\"entry-featured-image-url\"><img decoding=\"async\" data-src=\"https:\/\/nyaa-consulting.com\/wp-content\/uploads\/2024\/05\/DSC_5980-400x250.jpg\" alt=\"Planificar con \u00e9xito una recaudaci\u00f3n de fondos para la conservaci\u00f3n\" data-srcset=\"https:\/\/nyaa-consulting.com\/wp-content\/uploads\/2024\/05\/DSC_5980.jpg 479w, https:\/\/nyaa-consulting.com\/wp-content\/uploads\/2024\/05\/DSC_5980-400x250.jpg 480w\" data-sizes=\"(max-width:479px) 479px, 100vw\"  width=\"400\" height=\"250\" src=\"data:image\/svg+xml;base64,PHN2ZyB3aWR0aD0iMSIgaGVpZ2h0PSIxIiB4bWxucz0iaHR0cDovL3d3dy53My5vcmcvMjAwMC9zdmciPjwvc3ZnPg==\" class=\"lazyload\" style=\"--smush-placeholder-width: 400px; --smush-placeholder-aspect-ratio: 400\/250;\" \/><\/a><\/div>\n\t\t\t\t\t\t\t\t\t\t\t\t\t\t<h2 class=\"entry-title\">\n\t\t\t\t\t\t\t\t\t\t\t\t\t<a href=\"https:\/\/nyaa-consulting.com\/es\/blog\/recaudar-fondos-conservacion\/\">Planificar con \u00e9xito una recaudaci\u00f3n de fondos para la conservaci\u00f3n<\/a>\n\t\t\t\t\t\t\t\t\t\t\t<\/h2>\n\t\t\t\t\n\t\t\t\t\t<p class=\"post-meta\"><span class=\"published\">May 3, 2024<\/span> | <a href=\"https:\/\/nyaa-consulting.com\/es\/blog\/category\/recaudacion-de-fondos\/\" rel=\"tag\">Recaudaci\u00f3n de fondos<\/a><\/p><div class=\"post-content\"><div class=\"post-content-inner\"><p>Tanto si quieres comprar terrenos para conservarlos como si quieres reforestar y proteger h\u00e1bitats en peligro de extinci\u00f3n que ya posees, es fundamental contar con un plan de recaudaci\u00f3n de fondos bien estructurado. Crear una campa\u00f1a de recaudaci\u00f3n de fondos para la...<\/p>\n<\/div><\/div>\t\t\t\n\t\t\t<\/article>\n\t\t\t\t<\/div>\n\t\t\t\t\t<\/div>\n\t\t\t\t\t<\/div> \n\t\t\t\t<\/div>\n\t\t\t<\/div>\n\t\t\t\t\n\t\t\t\t\n\t\t\t\t\n\t\t\t\t\n\t\t\t<\/div>\n\t\t\t\t\n\t\t\t\t\n\t\t\t<\/div>\n","protected":false},"excerpt":{"rendered":"","protected":false},"author":1,"featured_media":102,"parent":0,"menu_order":0,"comment_status":"closed","ping_status":"closed","template":"","meta":{"_et_pb_use_builder":"on","_et_pb_old_content":"","_et_gb_content_width":"","footnotes":""},"class_list":["post-895","page","type-page","status-publish","has-post-thumbnail","hentry"],"_links":{"self":[{"href":"https:\/\/nyaa-consulting.com\/es\/wp-json\/wp\/v2\/pages\/895","targetHints":{"allow":["GET"]}}],"collection":[{"href":"https:\/\/nyaa-consulting.com\/es\/wp-json\/wp\/v2\/pages"}],"about":[{"href":"https:\/\/nyaa-consulting.com\/es\/wp-json\/wp\/v2\/types\/page"}],"author":[{"embeddable":true,"href":"https:\/\/nyaa-consulting.com\/es\/wp-json\/wp\/v2\/users\/1"}],"replies":[{"embeddable":true,"href":"https:\/\/nyaa-consulting.com\/es\/wp-json\/wp\/v2\/comments?post=895"}],"version-history":[{"count":0,"href":"https:\/\/nyaa-consulting.com\/es\/wp-json\/wp\/v2\/pages\/895\/revisions"}],"wp:featuredmedia":[{"embeddable":true,"href":"https:\/\/nyaa-consulting.com\/es\/wp-json\/wp\/v2\/media\/102"}],"wp:attachment":[{"href":"https:\/\/nyaa-consulting.com\/es\/wp-json\/wp\/v2\/media?parent=895"}],"curies":[{"name":"wp","href":"https:\/\/api.w.org\/{rel}","templated":true}]}}